{"id":8,"date":"2023-10-18T14:32:10","date_gmt":"2023-10-18T12:32:10","guid":{"rendered":"https:\/\/www.preiswertplotten.de\/?page_id=8"},"modified":"2023-12-07T02:13:33","modified_gmt":"2023-12-07T01:13:33","slug":"home","status":"publish","type":"page","link":"https:\/\/www.preiswertplotten.de\/","title":{"rendered":"Home"},"content":{"rendered":"\r\n\r\n\r\n<p><img loading=\"lazy\" decoding=\"async\" class=\"wp-image-9 size-full alignnone\" src=\"https:\/\/www.preiswertplotten.de\/wp-content\/uploads\/2023\/10\/grafik.jpg\" alt=\"\" width=\"624\" height=\"261\" srcset=\"https:\/\/www.preiswertplotten.de\/wp-content\/uploads\/2023\/10\/grafik.jpg 624w, https:\/\/www.preiswertplotten.de\/wp-content\/uploads\/2023\/10\/grafik-300x125.jpg 300w\" sizes=\"auto, (max-width: 624px) 100vw, 624px\" \/><\/p>\r\n<p>Es ist ganz einfach! Sie schicken uns Ihre Plotdateien per E-Mail und wir Ihnen Ihre Pl\u00e4ne mit Post oder Paketdienst.<\/p>\r\n\r\n\r\n\r\n<p>Jeder Auftrag wird sofort nach Eingang bearbeitet und geht nach Fertigstellung direkt in den Versand. Dieser erfolgt \u00fcber die Deutsche Post bzw. Paketdienste, zu deren <strong><a href=\"https:\/\/www.preiswertplotten.de\/index.php\/versandkosten\/\">Konditionen<\/a><\/strong>.<\/p>\r\n\r\n\r\n\r\n<p>Am n\u00e4chsten Tag haben Sie zu 95% Ihre Plots auf dem Tisch<span style=\"color: #ff0000;\">*<\/span>!<\/p>\r\n\r\n\r\n\r\n<p>Ihr Copy-Shop ist schneller? Wirklich? Aber bestimmt nicht g\u00fcnstiger! Au\u00dferdem m\u00fcssen Sie nicht einmal Ihr B\u00fcro verlassen!<\/p>\r\n\r\n\r\n\r\n<p>Testen Sie uns! Wir garantieren <strong>12.000 m\u00b2 Schwarz\/Wei\u00df<\/strong>&#8211; und <strong>5.000 m\u00b2 Farbplots<\/strong> am Tag. Modernste Technik macht es m\u00f6glich!<\/p>\r\n\r\n\r\n\r\n<p>Sie erhalten Ihre Rechnung mit jedem Auftrag. Bei sehr gro\u00dfen Auftr\u00e4gen von Neukunden behalten wir uns das Recht vor, per Nachnahme zu liefern.<\/p>\r\n\r\n\r\n\r\n<p><span style=\"color: #ff0000;\">* Bei der Wahl des entsprechenden Versandes (Express)<\/span><\/p>\r\n","protected":false},"excerpt":{"rendered":"<p>Es ist ganz einfach! Sie schicken uns Ihre Plotdateien per E-Mail und wir Ihnen Ihre Pl\u00e4ne mit Post oder Paketdienst. Jeder Auftrag wird sofort nach Eingang bearbeitet und geht nach Fertigstellung direkt in den Versand. Dieser erfolgt \u00fcber die Deutsche Post bzw. Paketdienste, zu deren Konditionen. Am n\u00e4chsten Tag haben Sie zu 95% Ihre Plots <a class=\"more-link\" href=\"https:\/\/www.preiswertplotten.de\/\">weiterlesen&#8230;<\/a><\/p>\n","protected":false},"author":1,"featured_media":0,"parent":0,"menu_order":0,"comment_status":"closed","ping_status":"closed","template":"","meta":{"footnotes":""},"class_list":["post-8","page","type-page","status-publish","hentry"],"_links":{"self":[{"href":"https:\/\/www.preiswertplotten.de\/index.php\/wp-json\/wp\/v2\/pages\/8","targetHints":{"allow":["GET"]}}],"collection":[{"href":"https:\/\/www.preiswertplotten.de\/index.php\/wp-json\/wp\/v2\/pages"}],"about":[{"href":"https:\/\/www.preiswertplotten.de\/index.php\/wp-json\/wp\/v2\/types\/page"}],"author":[{"embeddable":true,"href":"https:\/\/www.preiswertplotten.de\/index.php\/wp-json\/wp\/v2\/users\/1"}],"replies":[{"embeddable":true,"href":"https:\/\/www.preiswertplotten.de\/index.php\/wp-json\/wp\/v2\/comments?post=8"}],"version-history":[{"count":6,"href":"https:\/\/www.preiswertplotten.de\/index.php\/wp-json\/wp\/v2\/pages\/8\/revisions"}],"predecessor-version":[{"id":124,"href":"https:\/\/www.preiswertplotten.de\/index.php\/wp-json\/wp\/v2\/pages\/8\/revisions\/124"}],"wp:attachment":[{"href":"https:\/\/www.preiswertplotten.de\/index.php\/wp-json\/wp\/v2\/media?parent=8"}],"curies":[{"name":"wp","href":"https:\/\/api.w.org\/{rel}","templated":true}]}}