{"id":29,"date":"2023-10-18T14:43:53","date_gmt":"2023-10-18T12:43:53","guid":{"rendered":"https:\/\/www.preiswertplotten.de\/?page_id=29"},"modified":"2023-10-18T14:43:53","modified_gmt":"2023-10-18T12:43:53","slug":"faq","status":"publish","type":"page","link":"https:\/\/www.preiswertplotten.de\/index.php\/faq\/","title":{"rendered":"FAQ"},"content":{"rendered":"\n<p><strong>Wie verstehe ich die Staffelung der St\u00fcckpreise nach Anzahl?<\/strong><br>Den Preis f\u00fcr die ersten 400(sw)\/100 Plots entnehmen Sie bitte der Preisgruppe 1, der Preis f\u00fcr die n\u00e4chsten Plots der Preisgruppe 2. Bei \u00fcber 1000 Plots entnehmen Sie den St\u00fcckpreis aus der Preisgruppe 3. Bemessungsgrundlage ist das jeweilige Kalenderjahr.<\/p>\n\n\n\n<p><strong>Ich arbeite mit einem CAD-Programm. Sind Sie mit dem Treiber kompatibel.<\/strong><br>Wir sind mit nahezu allen Drucktreibern kompatibel. Sollten Sie unsicher sein, schicken Sie uns einfach einen Test per Mail.<\/p>\n\n\n\n<p><strong>K\u00f6nnen Sie auch Pl\u00e4ne mit Lochverst\u00e4rkung liefern?<\/strong><br>Nat\u00fcrlich kleben wir Ihnen gern Abheftstreifen an. F\u00fcr diesen Mehraufwand berechnen wir 0,15\u20ac pro St\u00fcck.<\/p>\n\n\n\n<p><strong>Ist es m\u00f6glich, Liefer- und Rechnungsanschrift variabel zu gestalten?<\/strong><br>Wenn Sie uns verschiedene Lieferanschriften mitteilen, dann verschicken wir die einzelnen Plots, wie Sie es in Ihrer E-Mail beauftragen. Die Rechnung geht per Post oder E-Mail im pdf-Format an den Auftragsausl\u00f6ser. F\u00fcr verschiedene Rechnungsempf\u00e4nger kontaktieren Sie uns bitte im Vorfeld.<\/p>\n\n\n\n<p><strong>Wieso kann ich nicht einfach irgendeinen Plottertreiber verwenden?<\/strong><\/p>\n\n\n<ul>\n<li>Problem: Nicht jedes HP\/GL-2-Plotfile kann auf jedem HP\/GL-2-Plotter ausgegeben werden. Besonders beim Drucken auf Hochleistungs-s\/w-Ger\u00e4te vom Hersteller Oc\u00e9 gehen h\u00e4ufig Schriften und Linien verloren oder werden falsch dargestellt.<\/li>\n<li>Ursache: HP\/GL-2 ist nicht mehr universell, es existieren viele spezielle Varianten f\u00fcr aktuelle Plotter, um deren Leistungsm\u00f6glichkeiten voll auszusch\u00f6pfen.<\/li>\n<li>L\u00f6sung: Verwenden des letzten universellen Plottertreibers (HP DesignJet 750C [C3196A]). Dieser Treiber wird von allen aktuellen HP und HP-kompatiblen Plottern verstanden. Eine Qualit\u00e4tsminderung der Plots ist kaum sichtbar und f\u00fcr technische Zeichnungen nicht relevant.<\/li>\n<li>Hinweise f\u00fcr AutoCad: Nur den im Programm mitgelieferten HP\/GL-2-Treiber verwenden (von AutoDesk, HDI bzw. ADI, oft als Version 4.2 gekennzeichnet) und keine aktualisierten Versionen aus dem Internet. Keine PCL-Texte (Windows-Schriften) und \u2013Zeichen in die Zeichnung einbauen.<\/li>\n<\/ul>","protected":false},"excerpt":{"rendered":"<p>Wie verstehe ich die Staffelung der St\u00fcckpreise nach Anzahl?Den Preis f\u00fcr die ersten 400(sw)\/100 Plots entnehmen Sie bitte der Preisgruppe 1, der Preis f\u00fcr die n\u00e4chsten Plots der Preisgruppe 2. Bei \u00fcber 1000 Plots entnehmen Sie den St\u00fcckpreis aus der Preisgruppe 3. Bemessungsgrundlage ist das jeweilige Kalenderjahr. Ich arbeite mit einem CAD-Programm. Sind Sie mit <a class=\"more-link\" href=\"https:\/\/www.preiswertplotten.de\/index.php\/faq\/\">weiterlesen&#8230;<\/a><\/p>\n","protected":false},"author":1,"featured_media":0,"parent":0,"menu_order":0,"comment_status":"closed","ping_status":"closed","template":"","meta":{"footnotes":""},"class_list":["post-29","page","type-page","status-publish","hentry"],"_links":{"self":[{"href":"https:\/\/www.preiswertplotten.de\/index.php\/wp-json\/wp\/v2\/pages\/29","targetHints":{"allow":["GET"]}}],"collection":[{"href":"https:\/\/www.preiswertplotten.de\/index.php\/wp-json\/wp\/v2\/pages"}],"about":[{"href":"https:\/\/www.preiswertplotten.de\/index.php\/wp-json\/wp\/v2\/types\/page"}],"author":[{"embeddable":true,"href":"https:\/\/www.preiswertplotten.de\/index.php\/wp-json\/wp\/v2\/users\/1"}],"replies":[{"embeddable":true,"href":"https:\/\/www.preiswertplotten.de\/index.php\/wp-json\/wp\/v2\/comments?post=29"}],"version-history":[{"count":1,"href":"https:\/\/www.preiswertplotten.de\/index.php\/wp-json\/wp\/v2\/pages\/29\/revisions"}],"predecessor-version":[{"id":30,"href":"https:\/\/www.preiswertplotten.de\/index.php\/wp-json\/wp\/v2\/pages\/29\/revisions\/30"}],"wp:attachment":[{"href":"https:\/\/www.preiswertplotten.de\/index.php\/wp-json\/wp\/v2\/media?parent=29"}],"curies":[{"name":"wp","href":"https:\/\/api.w.org\/{rel}","templated":true}]}}