{"id":255,"date":"2025-07-03T15:55:37","date_gmt":"2025-07-03T13:55:37","guid":{"rendered":"https:\/\/www.preiswertplotten.de\/?page_id=255"},"modified":"2025-07-03T15:55:37","modified_gmt":"2025-07-03T13:55:37","slug":"barrierefreiheitserklaerung","status":"publish","type":"page","link":"https:\/\/www.preiswertplotten.de\/index.php\/barrierefreiheitserklaerung\/","title":{"rendered":"Barrierefreiheitserkl\u00e4rung"},"content":{"rendered":"<h2>Erkl\u00e4rung zur Barrierefreiheit f\u00fcr Dienstleistungen<\/h2>\n<p>Im Rahmen unserer Barrierefreiheitserkl\u00e4rung m\u00f6chten wir Ihnen einen \u00dcberblick \u00fcber den Stand der Vereinbarkeit der unten beschriebenen Dienstleistung(en) mit den Anforderungen der Barrierefreiheit nach gesetzlichen Vorschriften (insbesondere mit dem Barrierefreiheitsst\u00e4rkungsgesetz \u2013 BFSG) geben.<\/p>\n<h2>Angaben zum Dienstleistungserbringer<\/h2>\n<p>Online-Plotdienst von ReproGraf Leipzig<br \/>\nRiemannstr. 29<br \/>\n04107 Leipzig<br \/>\nSachsen<\/p>\n<h2>Allgemeine Beschreibung der Dienstleistung<\/h2>\n<p>Wir plotten preiswert. Kunden schicken uns Ihre Plotdateien per E-Mail und wir versenden die Plots mit Post oder Paketdienst.<\/p>\n<h2>Erl\u00e4uterungen zur Durchf\u00fchrung der Dienstleistung<\/h2>\n<p>Wir garantieren 12.000 m\u00b2 Schwarz\/Wei\u00df\u2013 und 5.000 m\u00b2 Farbplots am Tag.<\/p>\n<h2>Stand der Vereinbarkeit mit den Anforderungen<\/h2>\n<p>Die oben genannte Dienstleistung ist teilweise mit dem Barrierefreiheitsst\u00e4rkungsgesetz (BFSG) vereinbar.<\/p>\n<p>Folgende Teile\/Inhalte\/Funktionen der Dienstleistung sind nicht barrierefrei:<\/p>\n<p>Die auf der Webseite enthaltenen PDFs sind nicht barrierefrei, denn sie sind nicht mit dem Standard PDF\/UA kompatibel. Unsere verlinkten und auf unserer Webseite zug\u00e4nglichen Videos enthalten keine Untertitel bzw. Audiodeskription. Die verlinkten und auf unserer Webseite zug\u00e4nglichen Bilder, Symbole und Grafiken bieten zum Teil keine Alternativtexte.<\/p>\n<h2>Erstellung der Barrierefreiheitserkl\u00e4rung<\/h2>\n<p>Datum der Erstellung der Barrierefreiheitserkl\u00e4rung: 03.07.2025<br \/>\nDatum der letzten \u00dcberpr\u00fcfung der o. g. Leistungen hinsichtlich der Anforderungen zur Barrierefreiheit: 28.06.2025<\/p>\n<h2>Einsch\u00e4tzung zum Stand der Barrierefreiheit<\/h2>\n<p>Die Einsch\u00e4tzung zum Stand der Barrierefreiheit beruht auf unserer Selbsteinsch\u00e4tzung.<\/p>\n<h2>Feedbackm\u00f6glichkeit und Kontaktangaben<\/h2>\n<p>Adresse:<br \/>\nOnline-Plotdienst von ReproGraf Leipzig<br \/>\nRiemannstr. 29<br \/>\n04107 Leipzig<\/p>\n<p>E-Mail: <a href=\"mailto:info@preiswertplotten.de\" target=\"_blank\" rel=\"noopener\">info@preiswertplotten.de<\/a><\/p>\n<p>Telefon: 0341-14990446<\/p>\n<p>Link zur Website: <a href=\"https:\/\/www.preiswertplotten.de\" target=\"_blank\" rel=\"noopener\">www.preiswertplotten.de<\/a><\/p>\n","protected":false},"excerpt":{"rendered":"<p>Erkl\u00e4rung zur Barrierefreiheit f\u00fcr Dienstleistungen Im Rahmen unserer Barrierefreiheitserkl\u00e4rung m\u00f6chten wir Ihnen einen \u00dcberblick \u00fcber den Stand der Vereinbarkeit der unten beschriebenen Dienstleistung(en) mit den Anforderungen der Barrierefreiheit nach gesetzlichen Vorschriften (insbesondere mit dem Barrierefreiheitsst\u00e4rkungsgesetz \u2013 BFSG) geben. Angaben zum Dienstleistungserbringer Online-Plotdienst von ReproGraf Leipzig Riemannstr. 29 04107 Leipzig Sachsen Allgemeine Beschreibung der Dienstleistung Wir <a class=\"more-link\" href=\"https:\/\/www.preiswertplotten.de\/index.php\/barrierefreiheitserklaerung\/\">weiterlesen&#8230;<\/a><\/p>\n","protected":false},"author":1,"featured_media":0,"parent":0,"menu_order":0,"comment_status":"closed","ping_status":"closed","template":"","meta":{"footnotes":""},"class_list":["post-255","page","type-page","status-publish","hentry"],"_links":{"self":[{"href":"https:\/\/www.preiswertplotten.de\/index.php\/wp-json\/wp\/v2\/pages\/255","targetHints":{"allow":["GET"]}}],"collection":[{"href":"https:\/\/www.preiswertplotten.de\/index.php\/wp-json\/wp\/v2\/pages"}],"about":[{"href":"https:\/\/www.preiswertplotten.de\/index.php\/wp-json\/wp\/v2\/types\/page"}],"author":[{"embeddable":true,"href":"https:\/\/www.preiswertplotten.de\/index.php\/wp-json\/wp\/v2\/users\/1"}],"replies":[{"embeddable":true,"href":"https:\/\/www.preiswertplotten.de\/index.php\/wp-json\/wp\/v2\/comments?post=255"}],"version-history":[{"count":1,"href":"https:\/\/www.preiswertplotten.de\/index.php\/wp-json\/wp\/v2\/pages\/255\/revisions"}],"predecessor-version":[{"id":256,"href":"https:\/\/www.preiswertplotten.de\/index.php\/wp-json\/wp\/v2\/pages\/255\/revisions\/256"}],"wp:attachment":[{"href":"https:\/\/www.preiswertplotten.de\/index.php\/wp-json\/wp\/v2\/media?parent=255"}],"curies":[{"name":"wp","href":"https:\/\/api.w.org\/{rel}","templated":true}]}}