{"id":23,"date":"2023-10-18T14:40:43","date_gmt":"2023-10-18T12:40:43","guid":{"rendered":"https:\/\/www.preiswertplotten.de\/?page_id=23"},"modified":"2023-10-18T14:40:43","modified_gmt":"2023-10-18T12:40:43","slug":"dateiformate","status":"publish","type":"page","link":"https:\/\/www.preiswertplotten.de\/index.php\/dateiformate\/","title":{"rendered":"Dateiformate"},"content":{"rendered":"\n<p>F\u00fcr unseren Druck sind folgende Dateiformate m\u00f6glich:<\/p>\n\n\n\n<p><strong>PDF-Dateien:<\/strong><br>Die PDF-Datei sollte kompatibel zum X1a Standard sein.<br>Die PDF-Datei sollte immer kompatibel zu Acrobat 4.0 \/ 5.0 und als PDF-Version 1.3 gespeichert werden.<br>Farbprofile, Bilder und Schriften m\u00fcssen eingebettet sein bzw. zu Kurven \/ Pfade konvertiert werden. Das Dokument darf keine Ebenen haben.<br>Bitte vermeiden Sie Transparenzen,Kennwortschutz, Kommentare und Formularfelder und in Ihrer PDF.<br>Zur PDF Erstellung empfehlen wir den PDF Creator, der bei uns im Downloadbereich verf\u00fcgbar ist.<\/p>\n\n\n\n<p><strong>Beschnitt im PDF Format:<\/strong><\/p>\n\n\n\n<p><strong>CAD Zeichnungen:<\/strong><br>Bitte beachten Sie, dass alle Drucke inklusive 2-5mm wei\u00dfen Rand gefertigt werden.<br>Alle Objekte, welche am sp\u00e4teren Papierrand enden sollen, m\u00fcssen ca. 5mm vom Papierrand entfernt sein und d\u00fcrfen nicht genau am Papierrand enden.<\/p>\n\n\n\n<p><strong>S\/W Pl\u00e4ne:<\/strong><br>Alle Dokumente sollten 2 Rahmen vorweisen, oder durch einen Rahmen mit Faltmarken versehen sein.<\/p>\n\n\n\n<p><strong>Farbpl\u00e4ne:<\/strong><br>Die Dokumente sollten nur einen Rahmen besitzen, welcher ca.5mm kleiner als das Endformat \/ DIN-Format ist.<\/p>\n\n\n\n<p><strong>Poster:<\/strong><br>Alle Poster k\u00f6nnen randlos angelegt werden, sollten aber bei nicht sichtbaren R\u00e4ndern mit Schnittmarken \/ Rahmen versehen sein.<\/p>\n\n\n\n<p>Schneid- bzw. Falttoleranzen k\u00f6nnen entstehen und sind nicht vermeidbar.<\/p>\n\n\n\n<p><strong>Aufl\u00f6sung:<\/strong><br>Dokumente sollten nur bis 300dpi angelegt werden. Um Fehler aller Art m\u00f6glichst fr\u00fch zu erkennen kontrollieren Sie Ihre PDF-Datei unbedingt in der Vollansicht (ganze Seite) und mit 400% Vergr\u00f6\u00dferung. Achten Sie dabei besonders auf die Bildqualit\u00e4t der Logos und Grafiken.<\/p>\n\n\n\n<p><strong>Schriften\/Zeichens\u00e4tze:<\/strong><br>Schriftteile inklusive aller Leerzeichen sollten vor Erstellung einer PDF-Datei in Pfade (bzw. Kurven, Zeichenwege) umgewandelt werden.<br>Alternativ k\u00f6nnen auch alle verwendeten Schriften in das PDF- Dokument eingebettet werden.<\/p>\n","protected":false},"excerpt":{"rendered":"<p>F\u00fcr unseren Druck sind folgende Dateiformate m\u00f6glich: PDF-Dateien:Die PDF-Datei sollte kompatibel zum X1a Standard sein.Die PDF-Datei sollte immer kompatibel zu Acrobat 4.0 \/ 5.0 und als PDF-Version 1.3 gespeichert werden.Farbprofile, Bilder und Schriften m\u00fcssen eingebettet sein bzw. zu Kurven \/ Pfade konvertiert werden. Das Dokument darf keine Ebenen haben.Bitte vermeiden Sie Transparenzen,Kennwortschutz, Kommentare und Formularfelder <a class=\"more-link\" href=\"https:\/\/www.preiswertplotten.de\/index.php\/dateiformate\/\">weiterlesen&#8230;<\/a><\/p>\n","protected":false},"author":1,"featured_media":0,"parent":0,"menu_order":0,"comment_status":"closed","ping_status":"closed","template":"","meta":{"footnotes":""},"class_list":["post-23","page","type-page","status-publish","hentry"],"_links":{"self":[{"href":"https:\/\/www.preiswertplotten.de\/index.php\/wp-json\/wp\/v2\/pages\/23","targetHints":{"allow":["GET"]}}],"collection":[{"href":"https:\/\/www.preiswertplotten.de\/index.php\/wp-json\/wp\/v2\/pages"}],"about":[{"href":"https:\/\/www.preiswertplotten.de\/index.php\/wp-json\/wp\/v2\/types\/page"}],"author":[{"embeddable":true,"href":"https:\/\/www.preiswertplotten.de\/index.php\/wp-json\/wp\/v2\/users\/1"}],"replies":[{"embeddable":true,"href":"https:\/\/www.preiswertplotten.de\/index.php\/wp-json\/wp\/v2\/comments?post=23"}],"version-history":[{"count":1,"href":"https:\/\/www.preiswertplotten.de\/index.php\/wp-json\/wp\/v2\/pages\/23\/revisions"}],"predecessor-version":[{"id":24,"href":"https:\/\/www.preiswertplotten.de\/index.php\/wp-json\/wp\/v2\/pages\/23\/revisions\/24"}],"wp:attachment":[{"href":"https:\/\/www.preiswertplotten.de\/index.php\/wp-json\/wp\/v2\/media?parent=23"}],"curies":[{"name":"wp","href":"https:\/\/api.w.org\/{rel}","templated":true}]}}